{"id":3117,"date":"2024-11-20T12:51:51","date_gmt":"2024-11-20T11:51:51","guid":{"rendered":"https:\/\/lepolissongourmand.fr\/?page_id=3117"},"modified":"2026-03-22T22:07:54","modified_gmt":"2026-03-22T21:07:54","slug":"les-ateliers","status":"publish","type":"page","link":"https:\/\/lepolissongourmand.fr\/index.php\/les-ateliers\/","title":{"rendered":"Les ateliers et \u00e9v\u00e8nements"},"content":{"rendered":"\n<p><\/p>\n\n\n\n<div class=\"wp-block-jetpack-slideshow aligncenter\" data-autoplay=\"true\" data-delay=\"3\" data-effect=\"slide\" style=\"--aspect-ratio:calc(724 \/ 1024)\"><div class=\"wp-block-jetpack-slideshow_container swiper\"><ul class=\"wp-block-jetpack-slideshow_swiper-wrapper swiper-wrapper\"><li class=\"wp-block-jetpack-slideshow_slide swiper-slide\"><figure><img data-recalc-dims=\"1\" loading=\"lazy\" decoding=\"async\" width=\"724\" height=\"1024\" alt=\"\" class=\"wp-block-jetpack-slideshow_image wp-image-4866\" data-id=\"4866\" data-aspect-ratio=\"724 \/ 1024\" src=\"https:\/\/i0.wp.com\/lepolissongourmand.fr\/wp-content\/uploads\/2026\/02\/Cafe-papote-Rencontre-et-papote-entre-futures-et-jeunes-mamans_20260217_110112_0000.png?resize=724%2C1024&#038;ssl=1\" srcset=\"https:\/\/i0.wp.com\/lepolissongourmand.fr\/wp-content\/uploads\/2026\/02\/Cafe-papote-Rencontre-et-papote-entre-futures-et-jeunes-mamans_20260217_110112_0000.png?resize=724%2C1024&amp;ssl=1 724w, https:\/\/i0.wp.com\/lepolissongourmand.fr\/wp-content\/uploads\/2026\/02\/Cafe-papote-Rencontre-et-papote-entre-futures-et-jeunes-mamans_20260217_110112_0000.png?resize=212%2C300&amp;ssl=1 212w, https:\/\/i0.wp.com\/lepolissongourmand.fr\/wp-content\/uploads\/2026\/02\/Cafe-papote-Rencontre-et-papote-entre-futures-et-jeunes-mamans_20260217_110112_0000.png?resize=768%2C1086&amp;ssl=1 768w, https:\/\/i0.wp.com\/lepolissongourmand.fr\/wp-content\/uploads\/2026\/02\/Cafe-papote-Rencontre-et-papote-entre-futures-et-jeunes-mamans_20260217_110112_0000.png?resize=141%2C200&amp;ssl=1 141w, https:\/\/i0.wp.com\/lepolissongourmand.fr\/wp-content\/uploads\/2026\/02\/Cafe-papote-Rencontre-et-papote-entre-futures-et-jeunes-mamans_20260217_110112_0000.png?resize=1086%2C1536&amp;ssl=1 1086w, https:\/\/i0.wp.com\/lepolissongourmand.fr\/wp-content\/uploads\/2026\/02\/Cafe-papote-Rencontre-et-papote-entre-futures-et-jeunes-mamans_20260217_110112_0000.png?w=1414&amp;ssl=1 1414w\" sizes=\"(max-width: 724px) 100vw, 724px\" \/><\/figure><\/li><li class=\"wp-block-jetpack-slideshow_slide swiper-slide\"><figure><img data-recalc-dims=\"1\" loading=\"lazy\" decoding=\"async\" width=\"724\" height=\"1024\" alt=\"\" class=\"wp-block-jetpack-slideshow_image wp-image-4865\" data-id=\"4865\" data-aspect-ratio=\"724 \/ 1024\" src=\"https:\/\/i0.wp.com\/lepolissongourmand.fr\/wp-content\/uploads\/2026\/02\/Ateliers-au-salon-de-the-_20260217_102647_0000.png?resize=724%2C1024&#038;ssl=1\" srcset=\"https:\/\/i0.wp.com\/lepolissongourmand.fr\/wp-content\/uploads\/2026\/02\/Ateliers-au-salon-de-the-_20260217_102647_0000.png?resize=724%2C1024&amp;ssl=1 724w, https:\/\/i0.wp.com\/lepolissongourmand.fr\/wp-content\/uploads\/2026\/02\/Ateliers-au-salon-de-the-_20260217_102647_0000.png?resize=212%2C300&amp;ssl=1 212w, https:\/\/i0.wp.com\/lepolissongourmand.fr\/wp-content\/uploads\/2026\/02\/Ateliers-au-salon-de-the-_20260217_102647_0000.png?resize=768%2C1086&amp;ssl=1 768w, https:\/\/i0.wp.com\/lepolissongourmand.fr\/wp-content\/uploads\/2026\/02\/Ateliers-au-salon-de-the-_20260217_102647_0000.png?resize=141%2C200&amp;ssl=1 141w, https:\/\/i0.wp.com\/lepolissongourmand.fr\/wp-content\/uploads\/2026\/02\/Ateliers-au-salon-de-the-_20260217_102647_0000.png?resize=1086%2C1536&amp;ssl=1 1086w, https:\/\/i0.wp.com\/lepolissongourmand.fr\/wp-content\/uploads\/2026\/02\/Ateliers-au-salon-de-the-_20260217_102647_0000.png?w=1414&amp;ssl=1 1414w\" sizes=\"(max-width: 724px) 100vw, 724px\" \/><\/figure><\/li><li class=\"wp-block-jetpack-slideshow_slide swiper-slide\"><figure><img data-recalc-dims=\"1\" loading=\"lazy\" decoding=\"async\" width=\"724\" height=\"1024\" alt=\"\" class=\"wp-block-jetpack-slideshow_image wp-image-4868\" data-id=\"4868\" data-aspect-ratio=\"724 \/ 1024\" src=\"https:\/\/i0.wp.com\/lepolissongourmand.fr\/wp-content\/uploads\/2026\/02\/Ateliers-au-salon-de-the-_20260227_162536_0000.png?resize=724%2C1024&#038;ssl=1\" srcset=\"https:\/\/i0.wp.com\/lepolissongourmand.fr\/wp-content\/uploads\/2026\/02\/Ateliers-au-salon-de-the-_20260227_162536_0000.png?resize=724%2C1024&amp;ssl=1 724w, https:\/\/i0.wp.com\/lepolissongourmand.fr\/wp-content\/uploads\/2026\/02\/Ateliers-au-salon-de-the-_20260227_162536_0000.png?resize=212%2C300&amp;ssl=1 212w, https:\/\/i0.wp.com\/lepolissongourmand.fr\/wp-content\/uploads\/2026\/02\/Ateliers-au-salon-de-the-_20260227_162536_0000.png?resize=768%2C1086&amp;ssl=1 768w, https:\/\/i0.wp.com\/lepolissongourmand.fr\/wp-content\/uploads\/2026\/02\/Ateliers-au-salon-de-the-_20260227_162536_0000.png?resize=141%2C200&amp;ssl=1 141w, https:\/\/i0.wp.com\/lepolissongourmand.fr\/wp-content\/uploads\/2026\/02\/Ateliers-au-salon-de-the-_20260227_162536_0000.png?resize=1086%2C1536&amp;ssl=1 1086w, https:\/\/i0.wp.com\/lepolissongourmand.fr\/wp-content\/uploads\/2026\/02\/Ateliers-au-salon-de-the-_20260227_162536_0000.png?w=1414&amp;ssl=1 1414w\" sizes=\"(max-width: 724px) 100vw, 724px\" \/><\/figure><\/li><\/ul><a class=\"wp-block-jetpack-slideshow_button-prev swiper-button-prev swiper-button-white\" role=\"button\"><\/a><a class=\"wp-block-jetpack-slideshow_button-next swiper-button-next swiper-button-white\" role=\"button\"><\/a><a aria-label=\"Pause Slideshow\" class=\"wp-block-jetpack-slideshow_button-pause\" role=\"button\"><\/a><div class=\"wp-block-jetpack-slideshow_pagination swiper-pagination swiper-pagination-white\"><\/div><\/div><\/div>\n\n\n\n<h1 class=\"wp-block-heading has-text-align-center\"><a href=\"mailto:lepolissongourmand@gmail.com\"><strong>Je m&rsquo;inscris<\/strong><\/a><\/h1>\n\n\n\n<p><\/p>\n","protected":false},"excerpt":{"rendered":"<div class=\"entry-summary\">\nJe m&rsquo;inscris\n<\/div>\n<div class=\"link-more\"><a href=\"https:\/\/lepolissongourmand.fr\/index.php\/les-ateliers\/\" class=\"more-link\">Continue reading<span class=\"screen-reader-text\"> &ldquo;Les ateliers et \u00e9v\u00e8nements&rdquo;<\/span>&hellip;<\/a><\/div>\n","protected":false},"author":1,"featured_media":0,"parent":0,"menu_order":0,"comment_status":"closed","ping_status":"closed","template":"page-template\/_fullwidth.php","meta":{"footnotes":""},"class_list":["post-3117","page","type-page","status-publish","hentry","entry"],"yoast_head":"<!-- This site is optimized with the Yoast SEO plugin v27.0 - https:\/\/yoast.com\/product\/yoast-seo-wordpress\/ -->\n<title>Les ateliers et \u00e9v\u00e8nements - Le polisson gourmand<\/title>\n<meta name=\"description\" content=\"Retrouvez tous nos ateliers et nos \u00e9v\u00e8nements organis\u00e9s par nos partenaires ! C&#039;est l&#039;occasion de passer un moment en famille ou entre amis\" \/>\n<meta name=\"robots\" content=\"index, follow, max-snippet:-1, max-image-preview:large, max-video-preview:-1\" \/>\n<link rel=\"canonical\" href=\"https:\/\/lepolissongourmand.fr\/index.php\/les-ateliers\/\" \/>\n<meta property=\"og:locale\" content=\"fr_FR\" \/>\n<meta property=\"og:type\" content=\"article\" \/>\n<meta property=\"og:title\" content=\"Les ateliers et \u00e9v\u00e8nements - Le polisson gourmand\" \/>\n<meta property=\"og:description\" content=\"Retrouvez tous nos ateliers et nos \u00e9v\u00e8nements organis\u00e9s par nos partenaires ! C&#039;est l&#039;occasion de passer un moment en famille ou entre amis\" \/>\n<meta property=\"og:url\" content=\"https:\/\/lepolissongourmand.fr\/index.php\/les-ateliers\/\" \/>\n<meta property=\"og:site_name\" content=\"Le polisson gourmand\" \/>\n<meta property=\"article:publisher\" content=\"https:\/\/www.facebook.com\/Le-Polisson-Gourmand-104332095364932\/\" \/>\n<meta property=\"article:modified_time\" content=\"2026-03-22T21:07:54+00:00\" \/>\n<meta property=\"og:image\" content=\"https:\/\/lepolissongourmand.fr\/wp-content\/uploads\/2026\/02\/Cafe-papote-Rencontre-et-papote-entre-futures-et-jeunes-mamans_20260217_110112_0000-724x1024.png\" \/>\n<meta name=\"twitter:card\" content=\"summary_large_image\" \/>\n<script type=\"application\/ld+json\" class=\"yoast-schema-graph\">{\"@context\":\"https:\/\/schema.org\",\"@graph\":[{\"@type\":\"WebPage\",\"@id\":\"https:\/\/lepolissongourmand.fr\/index.php\/les-ateliers\/\",\"url\":\"https:\/\/lepolissongourmand.fr\/index.php\/les-ateliers\/\",\"name\":\"Les ateliers et \u00e9v\u00e8nements - Le polisson gourmand\",\"isPartOf\":{\"@id\":\"https:\/\/lepolissongourmand.fr\/#website\"},\"primaryImageOfPage\":{\"@id\":\"https:\/\/lepolissongourmand.fr\/index.php\/les-ateliers\/#primaryimage\"},\"image\":{\"@id\":\"https:\/\/lepolissongourmand.fr\/index.php\/les-ateliers\/#primaryimage\"},\"thumbnailUrl\":\"https:\/\/lepolissongourmand.fr\/wp-content\/uploads\/2026\/02\/Cafe-papote-Rencontre-et-papote-entre-futures-et-jeunes-mamans_20260217_110112_0000-724x1024.png\",\"datePublished\":\"2024-11-20T11:51:51+00:00\",\"dateModified\":\"2026-03-22T21:07:54+00:00\",\"description\":\"Retrouvez tous nos ateliers et nos \u00e9v\u00e8nements organis\u00e9s par nos partenaires ! C'est l'occasion de passer un moment en famille ou entre amis\",\"breadcrumb\":{\"@id\":\"https:\/\/lepolissongourmand.fr\/index.php\/les-ateliers\/#breadcrumb\"},\"inLanguage\":\"fr-FR\",\"potentialAction\":[{\"@type\":\"ReadAction\",\"target\":[\"https:\/\/lepolissongourmand.fr\/index.php\/les-ateliers\/\"]}]},{\"@type\":\"ImageObject\",\"inLanguage\":\"fr-FR\",\"@id\":\"https:\/\/lepolissongourmand.fr\/index.php\/les-ateliers\/#primaryimage\",\"url\":\"https:\/\/i0.wp.com\/lepolissongourmand.fr\/wp-content\/uploads\/2026\/02\/Cafe-papote-Rencontre-et-papote-entre-futures-et-jeunes-mamans_20260217_110112_0000.png?fit=1414%2C2000&ssl=1\",\"contentUrl\":\"https:\/\/i0.wp.com\/lepolissongourmand.fr\/wp-content\/uploads\/2026\/02\/Cafe-papote-Rencontre-et-papote-entre-futures-et-jeunes-mamans_20260217_110112_0000.png?fit=1414%2C2000&ssl=1\",\"width\":1414,\"height\":2000},{\"@type\":\"BreadcrumbList\",\"@id\":\"https:\/\/lepolissongourmand.fr\/index.php\/les-ateliers\/#breadcrumb\",\"itemListElement\":[{\"@type\":\"ListItem\",\"position\":1,\"name\":\"Accueil\",\"item\":\"https:\/\/lepolissongourmand.fr\/\"},{\"@type\":\"ListItem\",\"position\":2,\"name\":\"Les ateliers et \u00e9v\u00e8nements\"}]},{\"@type\":\"WebSite\",\"@id\":\"https:\/\/lepolissongourmand.fr\/#website\",\"url\":\"https:\/\/lepolissongourmand.fr\/\",\"name\":\"Le polisson gourmand\",\"description\":\"\",\"publisher\":{\"@id\":\"https:\/\/lepolissongourmand.fr\/#organization\"},\"potentialAction\":[{\"@type\":\"SearchAction\",\"target\":{\"@type\":\"EntryPoint\",\"urlTemplate\":\"https:\/\/lepolissongourmand.fr\/?s={search_term_string}\"},\"query-input\":{\"@type\":\"PropertyValueSpecification\",\"valueRequired\":true,\"valueName\":\"search_term_string\"}}],\"inLanguage\":\"fr-FR\"},{\"@type\":\"Organization\",\"@id\":\"https:\/\/lepolissongourmand.fr\/#organization\",\"name\":\"LE POLISSON GOURMAND\",\"url\":\"https:\/\/lepolissongourmand.fr\/\",\"logo\":{\"@type\":\"ImageObject\",\"inLanguage\":\"fr-FR\",\"@id\":\"https:\/\/lepolissongourmand.fr\/#\/schema\/logo\/image\/\",\"url\":\"http:\/\/cvryvlb.cluster029.hosting.ovh.net\/wp-content\/uploads\/2022\/05\/Sans-titre-1-1024x1024.png\",\"contentUrl\":\"http:\/\/cvryvlb.cluster029.hosting.ovh.net\/wp-content\/uploads\/2022\/05\/Sans-titre-1-1024x1024.png\",\"width\":1024,\"height\":1024,\"caption\":\"LE POLISSON GOURMAND\"},\"image\":{\"@id\":\"https:\/\/lepolissongourmand.fr\/#\/schema\/logo\/image\/\"},\"sameAs\":[\"https:\/\/www.facebook.com\/Le-Polisson-Gourmand-104332095364932\/\",\"https:\/\/www.instagram.com\/lepolissongourmand\/?hl=fr\"]}]}<\/script>\n<!-- \/ Yoast SEO plugin. -->","yoast_head_json":{"title":"Les ateliers et \u00e9v\u00e8nements - Le polisson gourmand","description":"Retrouvez tous nos ateliers et nos \u00e9v\u00e8nements organis\u00e9s par nos partenaires ! C'est l'occasion de passer un moment en famille ou entre amis","robots":{"index":"index","follow":"follow","max-snippet":"max-snippet:-1","max-image-preview":"max-image-preview:large","max-video-preview":"max-video-preview:-1"},"canonical":"https:\/\/lepolissongourmand.fr\/index.php\/les-ateliers\/","og_locale":"fr_FR","og_type":"article","og_title":"Les ateliers et \u00e9v\u00e8nements - Le polisson gourmand","og_description":"Retrouvez tous nos ateliers et nos \u00e9v\u00e8nements organis\u00e9s par nos partenaires ! C'est l'occasion de passer un moment en famille ou entre amis","og_url":"https:\/\/lepolissongourmand.fr\/index.php\/les-ateliers\/","og_site_name":"Le polisson gourmand","article_publisher":"https:\/\/www.facebook.com\/Le-Polisson-Gourmand-104332095364932\/","article_modified_time":"2026-03-22T21:07:54+00:00","og_image":[{"url":"https:\/\/lepolissongourmand.fr\/wp-content\/uploads\/2026\/02\/Cafe-papote-Rencontre-et-papote-entre-futures-et-jeunes-mamans_20260217_110112_0000-724x1024.png","type":"","width":"","height":""}],"twitter_card":"summary_large_image","schema":{"@context":"https:\/\/schema.org","@graph":[{"@type":"WebPage","@id":"https:\/\/lepolissongourmand.fr\/index.php\/les-ateliers\/","url":"https:\/\/lepolissongourmand.fr\/index.php\/les-ateliers\/","name":"Les ateliers et \u00e9v\u00e8nements - Le polisson gourmand","isPartOf":{"@id":"https:\/\/lepolissongourmand.fr\/#website"},"primaryImageOfPage":{"@id":"https:\/\/lepolissongourmand.fr\/index.php\/les-ateliers\/#primaryimage"},"image":{"@id":"https:\/\/lepolissongourmand.fr\/index.php\/les-ateliers\/#primaryimage"},"thumbnailUrl":"https:\/\/lepolissongourmand.fr\/wp-content\/uploads\/2026\/02\/Cafe-papote-Rencontre-et-papote-entre-futures-et-jeunes-mamans_20260217_110112_0000-724x1024.png","datePublished":"2024-11-20T11:51:51+00:00","dateModified":"2026-03-22T21:07:54+00:00","description":"Retrouvez tous nos ateliers et nos \u00e9v\u00e8nements organis\u00e9s par nos partenaires ! C'est l'occasion de passer un moment en famille ou entre amis","breadcrumb":{"@id":"https:\/\/lepolissongourmand.fr\/index.php\/les-ateliers\/#breadcrumb"},"inLanguage":"fr-FR","potentialAction":[{"@type":"ReadAction","target":["https:\/\/lepolissongourmand.fr\/index.php\/les-ateliers\/"]}]},{"@type":"ImageObject","inLanguage":"fr-FR","@id":"https:\/\/lepolissongourmand.fr\/index.php\/les-ateliers\/#primaryimage","url":"https:\/\/i0.wp.com\/lepolissongourmand.fr\/wp-content\/uploads\/2026\/02\/Cafe-papote-Rencontre-et-papote-entre-futures-et-jeunes-mamans_20260217_110112_0000.png?fit=1414%2C2000&ssl=1","contentUrl":"https:\/\/i0.wp.com\/lepolissongourmand.fr\/wp-content\/uploads\/2026\/02\/Cafe-papote-Rencontre-et-papote-entre-futures-et-jeunes-mamans_20260217_110112_0000.png?fit=1414%2C2000&ssl=1","width":1414,"height":2000},{"@type":"BreadcrumbList","@id":"https:\/\/lepolissongourmand.fr\/index.php\/les-ateliers\/#breadcrumb","itemListElement":[{"@type":"ListItem","position":1,"name":"Accueil","item":"https:\/\/lepolissongourmand.fr\/"},{"@type":"ListItem","position":2,"name":"Les ateliers et \u00e9v\u00e8nements"}]},{"@type":"WebSite","@id":"https:\/\/lepolissongourmand.fr\/#website","url":"https:\/\/lepolissongourmand.fr\/","name":"Le polisson gourmand","description":"","publisher":{"@id":"https:\/\/lepolissongourmand.fr\/#organization"},"potentialAction":[{"@type":"SearchAction","target":{"@type":"EntryPoint","urlTemplate":"https:\/\/lepolissongourmand.fr\/?s={search_term_string}"},"query-input":{"@type":"PropertyValueSpecification","valueRequired":true,"valueName":"search_term_string"}}],"inLanguage":"fr-FR"},{"@type":"Organization","@id":"https:\/\/lepolissongourmand.fr\/#organization","name":"LE POLISSON GOURMAND","url":"https:\/\/lepolissongourmand.fr\/","logo":{"@type":"ImageObject","inLanguage":"fr-FR","@id":"https:\/\/lepolissongourmand.fr\/#\/schema\/logo\/image\/","url":"http:\/\/cvryvlb.cluster029.hosting.ovh.net\/wp-content\/uploads\/2022\/05\/Sans-titre-1-1024x1024.png","contentUrl":"http:\/\/cvryvlb.cluster029.hosting.ovh.net\/wp-content\/uploads\/2022\/05\/Sans-titre-1-1024x1024.png","width":1024,"height":1024,"caption":"LE POLISSON GOURMAND"},"image":{"@id":"https:\/\/lepolissongourmand.fr\/#\/schema\/logo\/image\/"},"sameAs":["https:\/\/www.facebook.com\/Le-Polisson-Gourmand-104332095364932\/","https:\/\/www.instagram.com\/lepolissongourmand\/?hl=fr"]}]}},"jetpack_sharing_enabled":true,"_links":{"self":[{"href":"https:\/\/lepolissongourmand.fr\/index.php\/wp-json\/wp\/v2\/pages\/3117","targetHints":{"allow":["GET"]}}],"collection":[{"href":"https:\/\/lepolissongourmand.fr\/index.php\/wp-json\/wp\/v2\/pages"}],"about":[{"href":"https:\/\/lepolissongourmand.fr\/index.php\/wp-json\/wp\/v2\/types\/page"}],"author":[{"embeddable":true,"href":"https:\/\/lepolissongourmand.fr\/index.php\/wp-json\/wp\/v2\/users\/1"}],"replies":[{"embeddable":true,"href":"https:\/\/lepolissongourmand.fr\/index.php\/wp-json\/wp\/v2\/comments?post=3117"}],"version-history":[{"count":25,"href":"https:\/\/lepolissongourmand.fr\/index.php\/wp-json\/wp\/v2\/pages\/3117\/revisions"}],"predecessor-version":[{"id":4910,"href":"https:\/\/lepolissongourmand.fr\/index.php\/wp-json\/wp\/v2\/pages\/3117\/revisions\/4910"}],"wp:attachment":[{"href":"https:\/\/lepolissongourmand.fr\/index.php\/wp-json\/wp\/v2\/media?parent=3117"}],"curies":[{"name":"wp","href":"https:\/\/api.w.org\/{rel}","templated":true}]}}